{"id":1002,"date":"2025-03-24T17:58:52","date_gmt":"2025-03-24T17:58:52","guid":{"rendered":"https:\/\/roakon-stage.roakon.cloud\/?page_id=1002"},"modified":"2025-09-09T16:45:09","modified_gmt":"2025-09-09T16:45:09","slug":"twisted-tales","status":"publish","type":"page","link":"https:\/\/roakon.eu\/sl\/twisted-tales\/","title":{"rendered":"Twisted tales"},"content":{"rendered":"\t\t<div data-elementor-type=\"wp-page\" data-elementor-id=\"1002\" class=\"elementor elementor-1002\" data-elementor-post-type=\"page\">\n\t\t\t\t\t\t<section class=\"elementor-section elementor-top-section elementor-element elementor-element-5c127ac elementor-section-height-min-height elementor-section-items-top elementor-section-boxed elementor-section-height-default wpr-particle-no wpr-jarallax-no wpr-parallax-no wpr-sticky-section-no\" data-id=\"5c127ac\" data-element_type=\"section\" data-e-type=\"section\" data-settings=\"{&quot;background_background&quot;:&quot;classic&quot;}\">\n\t\t\t\t\t\t<div class=\"elementor-container elementor-column-gap-default\">\n\t\t\t\t\t<div class=\"elementor-column elementor-col-50 elementor-top-column elementor-element elementor-element-3ecdd01\" data-id=\"3ecdd01\" data-element_type=\"column\" data-e-type=\"column\">\n\t\t\t<div class=\"elementor-widget-wrap elementor-element-populated\">\n\t\t\t\t\t\t<div class=\"elementor-element elementor-element-9f317f7 elementor-widget elementor-widget-heading\" data-id=\"9f317f7\" data-element_type=\"widget\" data-e-type=\"widget\" data-widget_type=\"heading.default\">\n\t\t\t\t<div class=\"elementor-widget-container\">\n\t\t\t\t\t<h2 class=\"elementor-heading-title elementor-size-default\">Twisted tales<\/h2>\t\t\t\t<\/div>\n\t\t\t\t<\/div>\n\t\t\t\t<div class=\"elementor-element elementor-element-b39c9fe elementor-widget elementor-widget-text-editor\" data-id=\"b39c9fe\" data-element_type=\"widget\" data-e-type=\"widget\" data-widget_type=\"text-editor.default\">\n\t\t\t\t<div class=\"elementor-widget-container\">\n\t\t\t\t\t\t\t\t\t<p>Mobile development<\/p>\t\t\t\t\t\t\t\t<\/div>\n\t\t\t\t<\/div>\n\t\t\t\t<div class=\"elementor-element elementor-element-1a9b8d2 elementor-widget elementor-widget-text-editor\" data-id=\"1a9b8d2\" data-element_type=\"widget\" data-e-type=\"widget\" data-widget_type=\"text-editor.default\">\n\t\t\t\t<div class=\"elementor-widget-container\">\n\t\t\t\t\t\t\t\t\t<p>Challenge<\/p>\t\t\t\t\t\t\t\t<\/div>\n\t\t\t\t<\/div>\n\t\t\t\t<div class=\"elementor-element elementor-element-8a8cf55 elementor-widget elementor-widget-text-editor\" data-id=\"8a8cf55\" data-element_type=\"widget\" data-e-type=\"widget\" data-widget_type=\"text-editor.default\">\n\t\t\t\t<div class=\"elementor-widget-container\">\n\t\t\t\t\t\t\t\t\tFor the mobile app <strong>Twisted Tales<\/strong>, we created an intuitive and user-friendly platform for listening to children&#8217;s stories. We focused on a smooth user experience, easy navigation, and an appealing design that encourages both children and parents to explore the content. Additionally, we optimized story playback and provided easy access to a diverse library of tales. This ensures that the app offers a carefree and enjoyable listening experience for the youngest users.\n\t\t\t\t\t\t\t\t<\/div>\n\t\t\t\t<\/div>\n\t\t\t\t<div class=\"elementor-element elementor-element-43162eb elementor-align-left elementor-mobile-align-center elementor-widget elementor-widget-button\" data-id=\"43162eb\" data-element_type=\"widget\" data-e-type=\"widget\" data-widget_type=\"button.default\">\n\t\t\t\t<div class=\"elementor-widget-container\">\n\t\t\t\t\t\t\t\t\t<div class=\"elementor-button-wrapper\">\n\t\t\t\t\t<a class=\"elementor-button elementor-button-link elementor-size-sm\" href=\"https:\/\/play.google.com\/store\/apps\/details?id=com.itd.twistedtales\">\n\t\t\t\t\t\t<span class=\"elementor-button-content-wrapper\">\n\t\t\t\t\t\t\t\t\t<span class=\"elementor-button-text\">Download here for Android<\/span>\n\t\t\t\t\t<\/span>\n\t\t\t\t\t<\/a>\n\t\t\t\t<\/div>\n\t\t\t\t\t\t\t\t<\/div>\n\t\t\t\t<\/div>\n\t\t\t\t<div class=\"elementor-element elementor-element-5a6699f elementor-align-left elementor-mobile-align-center elementor-widget elementor-widget-button\" data-id=\"5a6699f\" data-element_type=\"widget\" data-e-type=\"widget\" data-widget_type=\"button.default\">\n\t\t\t\t<div class=\"elementor-widget-container\">\n\t\t\t\t\t\t\t\t\t<div class=\"elementor-button-wrapper\">\n\t\t\t\t\t<a class=\"elementor-button elementor-button-link elementor-size-sm\" href=\"https:\/\/apps.apple.com\/us\/app\/twisted-tales\/id6449082379\">\n\t\t\t\t\t\t<span class=\"elementor-button-content-wrapper\">\n\t\t\t\t\t\t\t\t\t<span class=\"elementor-button-text\">Download here for iOS<\/span>\n\t\t\t\t\t<\/span>\n\t\t\t\t\t<\/a>\n\t\t\t\t<\/div>\n\t\t\t\t\t\t\t\t<\/div>\n\t\t\t\t<\/div>\n\t\t\t\t\t<\/div>\n\t\t<\/div>\n\t\t\t\t<div class=\"elementor-column elementor-col-50 elementor-top-column elementor-element elementor-element-db1623d\" data-id=\"db1623d\" data-element_type=\"column\" data-e-type=\"column\">\n\t\t\t<div class=\"elementor-widget-wrap elementor-element-populated\">\n\t\t\t\t\t\t<div class=\"elementor-element elementor-element-8151133 elementor-widget elementor-widget-image\" data-id=\"8151133\" data-element_type=\"widget\" data-e-type=\"widget\" data-widget_type=\"image.default\">\n\t\t\t\t<div class=\"elementor-widget-container\">\n\t\t\t\t\t\t\t\t\t\t\t\t\t\t\t<img fetchpriority=\"high\" decoding=\"async\" width=\"960\" height=\"640\" src=\"https:\/\/roakon.eu\/wp-content\/uploads\/2025\/03\/9972f4a42ccdce28b211c74aad0da9a6.png\" class=\"attachment-large size-large wp-image-1008\" alt=\"Twisted tales mockup\" srcset=\"https:\/\/roakon.eu\/wp-content\/uploads\/2025\/03\/9972f4a42ccdce28b211c74aad0da9a6.png 1000w, https:\/\/roakon.eu\/wp-content\/uploads\/2025\/03\/9972f4a42ccdce28b211c74aad0da9a6-300x200.png 300w, https:\/\/roakon.eu\/wp-content\/uploads\/2025\/03\/9972f4a42ccdce28b211c74aad0da9a6-768x512.png 768w\" sizes=\"(max-width: 960px) 100vw, 960px\" \/>\t\t\t\t\t\t\t\t\t\t\t\t\t\t\t<\/div>\n\t\t\t\t<\/div>\n\t\t\t\t\t<\/div>\n\t\t<\/div>\n\t\t\t\t\t<\/div>\n\t\t<\/section>\n\t\t<div class=\"elementor-element elementor-element-a41a8fa e-flex e-con-boxed wpr-particle-no wpr-jarallax-no wpr-parallax-no wpr-sticky-section-no e-con e-parent\" data-id=\"a41a8fa\" data-element_type=\"container\" data-e-type=\"container\">\n\t\t\t\t\t<div class=\"e-con-inner\">\n\t\t<div class=\"elementor-element elementor-element-18d8b46 e-con-full e-flex wpr-particle-no wpr-jarallax-no wpr-parallax-no wpr-sticky-section-no e-con e-child\" data-id=\"18d8b46\" data-element_type=\"container\" data-e-type=\"container\">\n\t\t\t\t<div class=\"elementor-element elementor-element-8a4d9e6 elementor-widget elementor-widget-text-editor\" data-id=\"8a4d9e6\" data-element_type=\"widget\" data-e-type=\"widget\" data-widget_type=\"text-editor.default\">\n\t\t\t\t<div class=\"elementor-widget-container\">\n\t\t\t\t\t\t\t\t\t<p>SOLUTIONS<\/p>\t\t\t\t\t\t\t\t<\/div>\n\t\t\t\t<\/div>\n\t\t\t\t<div class=\"elementor-element elementor-element-e86a6af elementor-widget elementor-widget-text-editor\" data-id=\"e86a6af\" data-element_type=\"widget\" data-e-type=\"widget\" data-widget_type=\"text-editor.default\">\n\t\t\t\t<div class=\"elementor-widget-container\">\n\t\t\t\t\t\t\t\t\t<div class=\"flex max-w-full flex-col flex-grow\"><div class=\"min-h-8 text-message relative flex w-full flex-col items-end gap-2 whitespace-normal break-words text-start [.text-message+&amp;]:mt-5\" dir=\"auto\" data-message-author-role=\"assistant\" data-message-id=\"004bff75-d815-4435-838a-98121dc07f7b\" data-message-model-slug=\"gpt-4o\"><div class=\"flex w-full flex-col gap-1 empty:hidden first:pt-[3px]\"><div class=\"markdown prose w-full break-words dark:prose-invert dark\"><p data-start=\"49\" data-end=\"244\"><strong data-start=\"49\" data-end=\"95\">\u2022 DEVELOPMENT OF A USER-FRIENDLY INTERFACE<\/strong><br data-start=\"95\" data-end=\"98\" \/>We designed a minimalist yet attractive interface that allows easy navigation even for the youngest users, while also being intuitive for parents.<\/p><p data-start=\"246\" data-end=\"417\"><strong data-start=\"246\" data-end=\"282\">\u2022 OPTIMIZATION OF STORY PLAYBACK<\/strong><br data-start=\"282\" data-end=\"285\" \/>We implemented technical improvements for smooth and fast loading of audio content, reducing possible interruptions during playback.<\/p><p data-start=\"419\" data-end=\"618\"><strong data-start=\"419\" data-end=\"466\">\u2022 APPEALING, PLAYFUL, AND CUSTOMIZED DESIGN<\/strong><br data-start=\"466\" data-end=\"469\" \/>We created a friendly graphic design with playful elements, warm colors, and large icons that encourage exploration and create a pleasant atmosphere.<\/p><\/div><\/div><\/div><\/div>\t\t\t\t\t\t\t\t<\/div>\n\t\t\t\t<\/div>\n\t\t\t\t<\/div>\n\t\t\t\t\t<\/div>\n\t\t\t\t<\/div>\n\t\t<div class=\"elementor-element elementor-element-5c60060 e-flex e-con-boxed wpr-particle-no wpr-jarallax-no wpr-parallax-no wpr-sticky-section-no e-con e-parent\" data-id=\"5c60060\" data-element_type=\"container\" data-e-type=\"container\">\n\t\t\t\t\t<div class=\"e-con-inner\">\n\t\t<div class=\"elementor-element elementor-element-4537334 e-con-full e-flex wpr-particle-no wpr-jarallax-no wpr-parallax-no wpr-sticky-section-no e-con e-child\" data-id=\"4537334\" data-element_type=\"container\" data-e-type=\"container\">\n\t\t<div class=\"elementor-element elementor-element-6c0dbce e-con-full e-flex wpr-particle-no wpr-jarallax-no wpr-parallax-no wpr-sticky-section-no e-con e-child\" data-id=\"6c0dbce\" data-element_type=\"container\" data-e-type=\"container\" data-settings=\"{&quot;background_background&quot;:&quot;classic&quot;}\">\n\t\t\t\t<div class=\"elementor-element elementor-element-52ab0cf elementor-widget elementor-widget-text-editor\" data-id=\"52ab0cf\" data-element_type=\"widget\" data-e-type=\"widget\" data-widget_type=\"text-editor.default\">\n\t\t\t\t<div class=\"elementor-widget-container\">\n\t\t\t\t\t\t\t\t\tTogether, we can create your next digital story. <b style=\"color: #2395e6;\"><br>Write to us today!<\/b>\n\t\t\t\t\t\t\t\t<\/div>\n\t\t\t\t<\/div>\n\t\t\t\t<div class=\"elementor-element elementor-element-76430a9 elementor-align-center elementor-widget elementor-widget-button\" data-id=\"76430a9\" data-element_type=\"widget\" data-e-type=\"widget\" data-widget_type=\"button.default\">\n\t\t\t\t<div class=\"elementor-widget-container\">\n\t\t\t\t\t\t\t\t\t<div class=\"elementor-button-wrapper\">\n\t\t\t\t\t<a class=\"elementor-button elementor-button-link elementor-size-sm\" href=\"https:\/\/roakon.eu\/#forma\">\n\t\t\t\t\t\t<span class=\"elementor-button-content-wrapper\">\n\t\t\t\t\t\t\t\t\t<span class=\"elementor-button-text\">Let\u2019s start together!<\/span>\n\t\t\t\t\t<\/span>\n\t\t\t\t\t<\/a>\n\t\t\t\t<\/div>\n\t\t\t\t\t\t\t\t<\/div>\n\t\t\t\t<\/div>\n\t\t\t\t<\/div>\n\t\t\t\t<\/div>\n\t\t\t\t\t<\/div>\n\t\t\t\t<\/div>\n\t\t\t\t<section class=\"elementor-section elementor-top-section elementor-element elementor-element-3b13998 elementor-section-boxed elementor-section-height-default elementor-section-height-default wpr-particle-no wpr-jarallax-no wpr-parallax-no wpr-sticky-section-no\" data-id=\"3b13998\" data-element_type=\"section\" data-e-type=\"section\" data-settings=\"{&quot;background_background&quot;:&quot;classic&quot;}\">\n\t\t\t\t\t\t<div class=\"elementor-container elementor-column-gap-default\">\n\t\t\t\t\t<div class=\"elementor-column elementor-col-100 elementor-top-column elementor-element elementor-element-2ea508d\" data-id=\"2ea508d\" data-element_type=\"column\" data-e-type=\"column\">\n\t\t\t<div class=\"elementor-widget-wrap elementor-element-populated\">\n\t\t\t\t\t\t<div class=\"elementor-element elementor-element-1646900 elementor-widget elementor-widget-heading\" data-id=\"1646900\" data-element_type=\"widget\" data-e-type=\"widget\" data-widget_type=\"heading.default\">\n\t\t\t\t<div class=\"elementor-widget-container\">\n\t\t\t\t\t<h2 class=\"elementor-heading-title elementor-size-default\">Related content\n<\/h2>\t\t\t\t<\/div>\n\t\t\t\t<\/div>\n\t\t\t\t\t<\/div>\n\t\t<\/div>\n\t\t\t\t\t<\/div>\n\t\t<\/section>\n\t\t<div class=\"elementor-element elementor-element-b75f4f7 e-con-full e-flex wpr-particle-no wpr-jarallax-no wpr-parallax-no wpr-sticky-section-no e-con e-parent\" data-id=\"b75f4f7\" data-element_type=\"container\" data-e-type=\"container\">\n\t\t<div class=\"elementor-element elementor-element-1c54804 e-con-full e-flex wpr-parallax-no wpr-sticky-section-no e-con e-child\" data-id=\"1c54804\" data-element_type=\"container\" data-e-type=\"container\" data-settings=\"{&quot;background_background&quot;:&quot;classic&quot;}\">\n\t\t\t\t<div class=\"elementor-element elementor-element-e8addd1 elementor-widget elementor-widget-wpr-flip-carousel\" data-id=\"e8addd1\" data-element_type=\"widget\" data-e-type=\"widget\" data-widget_type=\"wpr-flip-carousel.default\">\n\t\t\t\t<div class=\"elementor-widget-container\">\n\t\t\t\t\t<div class=\"wpr-flip-carousel-wrapper\"><div class=\"wpr-flip-carousel\" data-settings=\"{&quot;starts_from_center&quot;:&quot;yes&quot;,&quot;carousel_type&quot;:&quot;flat&quot;,&quot;loop&quot;:&quot;yes&quot;,&quot;autoplay&quot;:false,&quot;autoplay_milliseconds&quot;:0,&quot;pause_on_hover&quot;:false,&quot;play_on_click&quot;:&quot;yes&quot;,&quot;play_on_scroll&quot;:&quot;&quot;,&quot;pagination_position&quot;:null,&quot;spacing&quot;:-0.5,&quot;button_prev&quot;:&quot;&lt;span class=\\&quot;wpr-flip-carousel-navigation\\&quot;&gt;&lt;i class=\\&quot;fas fa-chevron-left\\&quot;&gt;&lt;\\\/i&gt;&lt;\\\/span&gt;&quot;,&quot;button_next&quot;:&quot;&lt;span class=\\&quot;wpr-flip-carousel-navigation\\&quot;&gt;&lt;i class=\\&quot;fas fa-chevron-right\\&quot;&gt;&lt;\\\/i&gt;&lt;\\\/span&gt;&quot;,&quot;pagination_bg_color_hover&quot;:null}\"><ul class=\"wpr-flip-items-wrapper\"><li class=\"wpr-flip-item\" data-flip-title=\"\"><figure><a href=\"#elementor-action%3Aaction%3Dpopup%3Aopen%26settings%3DeyJpZCI6IjgwNyIsInRvZ2dsZSI6ZmFsc2V9\" target=\"_blank\" rel=\"nofollow\"><img decoding=\"async\" alt=\"\" src=\"https:\/\/roakon.eu\/wp-content\/uploads\/2025\/07\/9c992326-bcd9-448b-8e61-0790a7c5a1c1-1.png\" \/><\/a><\/figure><\/li><li class=\"wpr-flip-item\" data-flip-title=\"\"><figure><a href=\"#elementor-action%3Aaction%3Dpopup%3Aopen%26settings%3DeyJpZCI6Ijk4NCIsInRvZ2dsZSI6ZmFsc2V9\" target=\"_blank\" rel=\"nofollow\"><img decoding=\"async\" alt=\"\" src=\"https:\/\/roakon.eu\/wp-content\/uploads\/2025\/07\/7d93388a-3811-4ce3-8983-4870cf145d1a.png\" \/><\/a><\/figure><\/li><li class=\"wpr-flip-item\" data-flip-title=\"\"><figure><a href=\"#elementor-action%3Aaction%3Dpopup%3Aopen%26settings%3DeyJpZCI6IjEwMzYiLCJ0b2dnbGUiOmZhbHNlfQ%3D%3D\" target=\"_blank\" rel=\"nofollow\"><img decoding=\"async\" alt=\"\" src=\"https:\/\/roakon.eu\/wp-content\/uploads\/2025\/07\/ae1e4c2e-539d-4fd4-ae73-c95ed95145d0.png\" \/><\/a><\/figure><\/li><li class=\"wpr-flip-item\" data-flip-title=\"\"><figure><a href=\"#elementor-action%3Aaction%3Dpopup%3Aopen%26settings%3DeyJpZCI6IjMxMzQiLCJ0b2dnbGUiOmZhbHNlfQ%3D%3D\" target=\"_blank\" rel=\"nofollow\"><img decoding=\"async\" alt=\"\" src=\"https:\/\/roakon.eu\/wp-content\/uploads\/2025\/06\/Group-164466-1.png\" \/><\/a><\/figure><\/li><\/ul><\/div><\/div>\t\t\t\t<\/div>\n\t\t\t\t<\/div>\n\t\t\t\t<\/div>\n\t\t\t\t<\/div>\n\t\t\t\t<\/div>\n\t\t","protected":false},"excerpt":{"rendered":"<p>Twisted tales Mobile development Challenge For the mobile app Twisted Tales, we created an intuitive and user-friendly platform for listening to children&#8217;s stories. We focused on a smooth user experience, easy navigation, and an appealing design that encourages both children and parents to explore the content. Additionally, we optimized story playback and provided easy access to a diverse library of tales. This ensures that the app offers a carefree and enjoyable listening experience for the youngest users. Download here for Android Download here for iOS SOLUTIONS \u2022 DEVELOPMENT OF A USER-FRIENDLY INTERFACEWe designed a minimalist yet attractive interface that allows easy navigation even for the youngest users, while also being intuitive for parents. \u2022 OPTIMIZATION OF STORY PLAYBACKWe implemented technical improvements for smooth and fast loading of audio content, reducing possible interruptions during playback. \u2022 APPEALING, PLAYFUL, AND CUSTOMIZED DESIGNWe created a friendly graphic design with playful elements, warm colors, and large icons that encourage exploration and create a pleasant atmosphere. Together, we can create your next digital story. Write to us today! Let\u2019s start together! Related content<\/p>","protected":false},"author":1,"featured_media":0,"parent":0,"menu_order":0,"comment_status":"closed","ping_status":"closed","template":"elementor_canvas","meta":{"_acf_changed":false,"footnotes":""},"class_list":["post-1002","page","type-page","status-publish","hentry"],"acf":[],"yoast_head":"<!-- This site is optimized with the Yoast SEO Premium plugin v27.3 (Yoast SEO v27.3) - https:\/\/yoast.com\/product\/yoast-seo-premium-wordpress\/ -->\n<title>Twisted Tales: Enriching Children&#039;s Storytime - Roakon<\/title>\n<meta name=\"description\" content=\"Odkrijte Twisted Tales, intuitivno mobilno aplikacijo za poslu\u0161anje otro\u0161kih zgodb. Enostavna navigacija in privla\u010dna zasnova.\" \/>\n<meta name=\"robots\" content=\"index, follow, max-snippet:-1, max-image-preview:large, max-video-preview:-1\" \/>\n<link rel=\"canonical\" href=\"https:\/\/roakon.eu\/sl\/twisted-tales\/\" \/>\n<meta property=\"og:locale\" content=\"sl_SI\" \/>\n<meta property=\"og:type\" content=\"article\" \/>\n<meta property=\"og:title\" content=\"Twisted tales\" \/>\n<meta property=\"og:description\" content=\"Odkrijte Twisted Tales, intuitivno mobilno aplikacijo za poslu\u0161anje otro\u0161kih zgodb. Enostavna navigacija in privla\u010dna zasnova.\" \/>\n<meta property=\"og:url\" content=\"https:\/\/roakon.eu\/sl\/twisted-tales\/\" \/>\n<meta property=\"og:site_name\" content=\"Roakon\" \/>\n<meta property=\"article:publisher\" content=\"https:\/\/www.facebook.com\/profile.php?id=61556017454416#\" \/>\n<meta property=\"article:modified_time\" content=\"2025-09-09T16:45:09+00:00\" \/>\n<meta property=\"og:image\" content=\"https:\/\/roakon.eu\/wp-content\/uploads\/2025\/03\/9972f4a42ccdce28b211c74aad0da9a6.png\" \/>\n<meta name=\"twitter:card\" content=\"summary_large_image\" \/>\n<meta name=\"twitter:label1\" content=\"Est. reading time\" \/>\n\t<meta name=\"twitter:data1\" content=\"4 minute\" \/>\n<script type=\"application\/ld+json\" class=\"yoast-schema-graph\">{\"@context\":\"https:\\\/\\\/schema.org\",\"@graph\":[{\"@type\":\"WebPage\",\"@id\":\"https:\\\/\\\/roakon.eu\\\/twisted-tales\\\/\",\"url\":\"https:\\\/\\\/roakon.eu\\\/twisted-tales\\\/\",\"name\":\"Twisted Tales: Enriching Children's Storytime - Roakon\",\"isPartOf\":{\"@id\":\"https:\\\/\\\/roakon.eu\\\/#website\"},\"primaryImageOfPage\":{\"@id\":\"https:\\\/\\\/roakon.eu\\\/twisted-tales\\\/#primaryimage\"},\"image\":{\"@id\":\"https:\\\/\\\/roakon.eu\\\/twisted-tales\\\/#primaryimage\"},\"thumbnailUrl\":\"https:\\\/\\\/roakon.eu\\\/wp-content\\\/uploads\\\/2025\\\/03\\\/9972f4a42ccdce28b211c74aad0da9a6.png\",\"datePublished\":\"2025-03-24T17:58:52+00:00\",\"dateModified\":\"2025-09-09T16:45:09+00:00\",\"description\":\"Odkrijte Twisted Tales, intuitivno mobilno aplikacijo za poslu\u0161anje otro\u0161kih zgodb. Enostavna navigacija in privla\u010dna zasnova.\",\"breadcrumb\":{\"@id\":\"https:\\\/\\\/roakon.eu\\\/twisted-tales\\\/#breadcrumb\"},\"inLanguage\":\"sl-SI\",\"potentialAction\":[{\"@type\":\"ReadAction\",\"target\":[\"https:\\\/\\\/roakon.eu\\\/twisted-tales\\\/\"]}]},{\"@type\":\"ImageObject\",\"inLanguage\":\"sl-SI\",\"@id\":\"https:\\\/\\\/roakon.eu\\\/twisted-tales\\\/#primaryimage\",\"url\":\"https:\\\/\\\/roakon.eu\\\/wp-content\\\/uploads\\\/2025\\\/03\\\/9972f4a42ccdce28b211c74aad0da9a6.png\",\"contentUrl\":\"https:\\\/\\\/roakon.eu\\\/wp-content\\\/uploads\\\/2025\\\/03\\\/9972f4a42ccdce28b211c74aad0da9a6.png\"},{\"@type\":\"BreadcrumbList\",\"@id\":\"https:\\\/\\\/roakon.eu\\\/twisted-tales\\\/#breadcrumb\",\"itemListElement\":[{\"@type\":\"ListItem\",\"position\":1,\"name\":\"Home\",\"item\":\"https:\\\/\\\/roakon.eu\\\/\"},{\"@type\":\"ListItem\",\"position\":2,\"name\":\"Twisted tales\"}]},{\"@type\":\"WebSite\",\"@id\":\"https:\\\/\\\/roakon.eu\\\/#website\",\"url\":\"https:\\\/\\\/roakon.eu\\\/\",\"name\":\"Roakon\",\"description\":\"Zanesljiva spletna agencija za razvoj spletnih strani, optimizacijo za iskalnike (SEO), vizualno oblikovanje ter internetno tr\u017eenje.\",\"publisher\":{\"@id\":\"https:\\\/\\\/roakon.eu\\\/#organization\"},\"potentialAction\":[{\"@type\":\"SearchAction\",\"target\":{\"@type\":\"EntryPoint\",\"urlTemplate\":\"https:\\\/\\\/roakon.eu\\\/?s={search_term_string}\"},\"query-input\":{\"@type\":\"PropertyValueSpecification\",\"valueRequired\":true,\"valueName\":\"search_term_string\"}}],\"inLanguage\":\"sl-SI\"},{\"@type\":\"Organization\",\"@id\":\"https:\\\/\\\/roakon.eu\\\/#organization\",\"name\":\"Roakon\",\"url\":\"https:\\\/\\\/roakon.eu\\\/\",\"logo\":{\"@type\":\"ImageObject\",\"inLanguage\":\"sl-SI\",\"@id\":\"https:\\\/\\\/roakon.eu\\\/#\\\/schema\\\/logo\\\/image\\\/\",\"url\":\"https:\\\/\\\/roakon.eu\\\/wp-content\\\/uploads\\\/2023\\\/06\\\/cfe85e7e9ce92cd0f36681ec4157921f.png\",\"contentUrl\":\"https:\\\/\\\/roakon.eu\\\/wp-content\\\/uploads\\\/2023\\\/06\\\/cfe85e7e9ce92cd0f36681ec4157921f.png\",\"width\":2238,\"height\":612,\"caption\":\"Roakon\"},\"image\":{\"@id\":\"https:\\\/\\\/roakon.eu\\\/#\\\/schema\\\/logo\\\/image\\\/\"},\"sameAs\":[\"https:\\\/\\\/www.facebook.com\\\/profile.php?id=61556017454416#\",\"https:\\\/\\\/www.instagram.com\\\/roakonproduction\\\/\"]}]}<\/script>\n<!-- \/ Yoast SEO Premium plugin. -->","yoast_head_json":{"title":"Twisted Tales: Enriching Children's Storytime - Roakon","description":"Odkrijte Twisted Tales, intuitivno mobilno aplikacijo za poslu\u0161anje otro\u0161kih zgodb. Enostavna navigacija in privla\u010dna zasnova.","robots":{"index":"index","follow":"follow","max-snippet":"max-snippet:-1","max-image-preview":"max-image-preview:large","max-video-preview":"max-video-preview:-1"},"canonical":"https:\/\/roakon.eu\/sl\/twisted-tales\/","og_locale":"sl_SI","og_type":"article","og_title":"Twisted tales","og_description":"Odkrijte Twisted Tales, intuitivno mobilno aplikacijo za poslu\u0161anje otro\u0161kih zgodb. Enostavna navigacija in privla\u010dna zasnova.","og_url":"https:\/\/roakon.eu\/sl\/twisted-tales\/","og_site_name":"Roakon","article_publisher":"https:\/\/www.facebook.com\/profile.php?id=61556017454416#","article_modified_time":"2025-09-09T16:45:09+00:00","og_image":[{"url":"https:\/\/roakon.eu\/wp-content\/uploads\/2025\/03\/9972f4a42ccdce28b211c74aad0da9a6.png","type":"","width":"","height":""}],"twitter_card":"summary_large_image","twitter_misc":{"Est. reading time":"4 minute"},"schema":{"@context":"https:\/\/schema.org","@graph":[{"@type":"WebPage","@id":"https:\/\/roakon.eu\/twisted-tales\/","url":"https:\/\/roakon.eu\/twisted-tales\/","name":"Twisted Tales: Enriching Children's Storytime - Roakon","isPartOf":{"@id":"https:\/\/roakon.eu\/#website"},"primaryImageOfPage":{"@id":"https:\/\/roakon.eu\/twisted-tales\/#primaryimage"},"image":{"@id":"https:\/\/roakon.eu\/twisted-tales\/#primaryimage"},"thumbnailUrl":"https:\/\/roakon.eu\/wp-content\/uploads\/2025\/03\/9972f4a42ccdce28b211c74aad0da9a6.png","datePublished":"2025-03-24T17:58:52+00:00","dateModified":"2025-09-09T16:45:09+00:00","description":"Odkrijte Twisted Tales, intuitivno mobilno aplikacijo za poslu\u0161anje otro\u0161kih zgodb. Enostavna navigacija in privla\u010dna zasnova.","breadcrumb":{"@id":"https:\/\/roakon.eu\/twisted-tales\/#breadcrumb"},"inLanguage":"sl-SI","potentialAction":[{"@type":"ReadAction","target":["https:\/\/roakon.eu\/twisted-tales\/"]}]},{"@type":"ImageObject","inLanguage":"sl-SI","@id":"https:\/\/roakon.eu\/twisted-tales\/#primaryimage","url":"https:\/\/roakon.eu\/wp-content\/uploads\/2025\/03\/9972f4a42ccdce28b211c74aad0da9a6.png","contentUrl":"https:\/\/roakon.eu\/wp-content\/uploads\/2025\/03\/9972f4a42ccdce28b211c74aad0da9a6.png"},{"@type":"BreadcrumbList","@id":"https:\/\/roakon.eu\/twisted-tales\/#breadcrumb","itemListElement":[{"@type":"ListItem","position":1,"name":"Home","item":"https:\/\/roakon.eu\/"},{"@type":"ListItem","position":2,"name":"Twisted tales"}]},{"@type":"WebSite","@id":"https:\/\/roakon.eu\/#website","url":"https:\/\/roakon.eu\/","name":"Roakon","description":"Zanesljiva spletna agencija za razvoj spletnih strani, optimizacijo za iskalnike (SEO), vizualno oblikovanje ter internetno tr\u017eenje.","publisher":{"@id":"https:\/\/roakon.eu\/#organization"},"potentialAction":[{"@type":"SearchAction","target":{"@type":"EntryPoint","urlTemplate":"https:\/\/roakon.eu\/?s={search_term_string}"},"query-input":{"@type":"PropertyValueSpecification","valueRequired":true,"valueName":"search_term_string"}}],"inLanguage":"sl-SI"},{"@type":"Organization","@id":"https:\/\/roakon.eu\/#organization","name":"Roakon","url":"https:\/\/roakon.eu\/","logo":{"@type":"ImageObject","inLanguage":"sl-SI","@id":"https:\/\/roakon.eu\/#\/schema\/logo\/image\/","url":"https:\/\/roakon.eu\/wp-content\/uploads\/2023\/06\/cfe85e7e9ce92cd0f36681ec4157921f.png","contentUrl":"https:\/\/roakon.eu\/wp-content\/uploads\/2023\/06\/cfe85e7e9ce92cd0f36681ec4157921f.png","width":2238,"height":612,"caption":"Roakon"},"image":{"@id":"https:\/\/roakon.eu\/#\/schema\/logo\/image\/"},"sameAs":["https:\/\/www.facebook.com\/profile.php?id=61556017454416#","https:\/\/www.instagram.com\/roakonproduction\/"]}]}},"_links":{"self":[{"href":"https:\/\/roakon.eu\/sl\/wp-json\/wp\/v2\/pages\/1002","targetHints":{"allow":["GET"]}}],"collection":[{"href":"https:\/\/roakon.eu\/sl\/wp-json\/wp\/v2\/pages"}],"about":[{"href":"https:\/\/roakon.eu\/sl\/wp-json\/wp\/v2\/types\/page"}],"author":[{"embeddable":true,"href":"https:\/\/roakon.eu\/sl\/wp-json\/wp\/v2\/users\/1"}],"replies":[{"embeddable":true,"href":"https:\/\/roakon.eu\/sl\/wp-json\/wp\/v2\/comments?post=1002"}],"version-history":[{"count":0,"href":"https:\/\/roakon.eu\/sl\/wp-json\/wp\/v2\/pages\/1002\/revisions"}],"wp:attachment":[{"href":"https:\/\/roakon.eu\/sl\/wp-json\/wp\/v2\/media?parent=1002"}],"curies":[{"name":"wp","href":"https:\/\/api.w.org\/{rel}","templated":true}]}}